{"id":550,"date":"2016-12-25T22:32:32","date_gmt":"2016-12-25T21:32:32","guid":{"rendered":"http:\/\/www.cdmlinsek.si\/?page_id=550"},"modified":"2017-01-04T20:49:24","modified_gmt":"2017-01-04T19:49:24","slug":"zdravstveno-varstvo-cebel","status":"publish","type":"page","link":"https:\/\/www.cdmlinsek.si\/?page_id=550","title":{"rendered":"Zdravstveno varstvo \u010debel"},"content":{"rendered":"<p>Za zdravstveno varstvo \u010debel na celotnem obmo\u010dju SA\u0160A in za na\u0161o dru\u017eino skrbi veterinarka NVI Veterinarske fakultete Univerze v Ljubljani, enota Celje, <strong>Alenka Juri\u010d<\/strong>, dr. vet. med. Za nasvet, mnenje ali druge informacije o zdravstvenem stanju va\u0161ih \u010debel, jo lahko pokli\u010dete na GSM 041 900 005.  Ve\u010d informacij lahko najdete na strani Veterinarske fakultete http:\/\/www.vf.uni-lj.si\/si\/zdravstveno-varstvo-cebel<\/p>\n<p>Kontaktne \u0161tevilke:<\/p>\n<p>Veterinarska fakulteta UL<br \/>\nNacionalni veterinarski in\u0161titut<br \/>\nEnota Celje<br \/>\nTrnoveljska cesta 1<br \/>\n3000 Celje<\/p>\n<p>Tel: +386 3 4281 635<br \/>\nFaks: +386 3 5419 453<br \/>\nE-naslov: alenka.juric@vf.uni-lj.si<\/p>\n","protected":false},"excerpt":{"rendered":"<p>Za zdravstveno varstvo \u010debel na celotnem obmo\u010dju SA\u0160A in za na\u0161o dru\u017eino skrbi veterinarka NVI Veterinarske fakultete Univerze v Ljubljani, enota Celje, Alenka Juri\u010d, dr. vet. med. Za nasvet, mnenje ali druge informacije o zdravstvenem stanju va\u0161ih \u010debel, jo lahko pokli\u010dete na GSM 041 900 005. Ve\u010d informacij lahko najdete na strani Veterinarske fakultete http:\/\/www.vf.uni-lj.si\/si\/zdravstveno-varstvo-cebel [&hellip;]<\/p>\n","protected":false},"author":1,"featured_media":0,"parent":0,"menu_order":0,"comment_status":"closed","ping_status":"closed","template":"","meta":{"footnotes":""},"_links":{"self":[{"href":"https:\/\/www.cdmlinsek.si\/index.php?rest_route=\/wp\/v2\/pages\/550"}],"collection":[{"href":"https:\/\/www.cdmlinsek.si\/index.php?rest_route=\/wp\/v2\/pages"}],"about":[{"href":"https:\/\/www.cdmlinsek.si\/index.php?rest_route=\/wp\/v2\/types\/page"}],"author":[{"embeddable":true,"href":"https:\/\/www.cdmlinsek.si\/index.php?rest_route=\/wp\/v2\/users\/1"}],"replies":[{"embeddable":true,"href":"https:\/\/www.cdmlinsek.si\/index.php?rest_route=%2Fwp%2Fv2%2Fcomments&post=550"}],"version-history":[{"count":7,"href":"https:\/\/www.cdmlinsek.si\/index.php?rest_route=\/wp\/v2\/pages\/550\/revisions"}],"predecessor-version":[{"id":579,"href":"https:\/\/www.cdmlinsek.si\/index.php?rest_route=\/wp\/v2\/pages\/550\/revisions\/579"}],"wp:attachment":[{"href":"https:\/\/www.cdmlinsek.si\/index.php?rest_route=%2Fwp%2Fv2%2Fmedia&parent=550"}],"curies":[{"name":"wp","href":"https:\/\/api.w.org\/{rel}","templated":true}]}}