{"id":546,"date":"2016-12-25T22:26:57","date_gmt":"2016-12-25T21:26:57","guid":{"rendered":"http:\/\/www.cdmlinsek.si\/?page_id=546"},"modified":"2023-02-19T12:15:57","modified_gmt":"2023-02-19T11:15:57","slug":"o-drustvu","status":"publish","type":"page","link":"https:\/\/www.cdmlinsek.si\/?page_id=546","title":{"rendered":"Organi \u010debelarskega dru\u0161tva Mlin\u0161ek"},"content":{"rendered":"<p><strong>\u010cEBELARSKO DRU\u0160TVO MLIN\u0160EK VELENJE<\/strong><\/p>\n<p>\u0160landrova 10 a<\/p>\n<p>3320 Velenje<\/p>\n<p>http:\/\/www.cdmlinsek.si\/\u010cD Mlin\u0161ek<\/p>\n<p>Velenje, 17.2.2023<\/p>\n<p><strong>Organi \u010debelarskega dru\u0161tva \u010cD Mlin\u0161ek Velenje \u00a0potrjeni na Ob\u010dnem zboru \u00a017.2.2023 v mandatu 2023 do 2027<\/strong><\/p>\n<table>\n<tbody>\n<tr>\n<td width=\"201\"><strong>Predsednik:<\/strong><\/td>\n<td width=\"214\"><strong>Gal Obli\u0161ar<\/strong><\/td>\n<td width=\"189\">031 650 531<\/td>\n<\/tr>\n<tr>\n<td width=\"201\"><strong>Upravni odbor (UO)<\/strong><\/td>\n<td width=\"214\">&nbsp;<\/td>\n<td width=\"189\">&nbsp;<\/td>\n<\/tr>\n<tr>\n<td width=\"201\"><strong>Podpredsednik:<\/strong><\/td>\n<td width=\"214\"><strong>Mateja \u0160eliga\u00a0<\/strong><\/td>\n<td width=\"189\">041 729 032<\/td>\n<\/tr>\n<tr>\n<td width=\"201\"><strong>Tajnik:\u00a0 \u00a0 \u00a0 \u00a0<\/strong> \u00a0 \u00a0 \u00a0 \u00a0 \u00a0 \u00a0 \u00a0 \u00a0 \u00a0 \u00a0 \u00a0 <strong>\u00a0 \u00a0<\/strong><\/td>\n<td width=\"214\"><strong>Jerneja \u010cretnik<\/strong><\/td>\n<td width=\"189\">&nbsp;<\/td>\n<\/tr>\n<tr>\n<td width=\"201\"><strong>Blagajni\u010darka:\u00a0<\/strong><\/td>\n<td width=\"214\"><strong>Fanika Gro\u0161l\u00a0<\/strong><\/td>\n<td width=\"189\">068 139 700<\/td>\n<\/tr>\n<\/tbody>\n<\/table>\n<p><strong>\u010clani:<\/strong><\/p>\n<ol>\n<li>mag. Miran Glin\u0161ek<\/li>\n<li>Branko Fo\u0161ner<\/li>\n<li>Tone Me\u017ea<\/li>\n<\/ol>\n<p><strong>Nadzorni odbor (NO)<\/strong><\/p>\n<ol>\n<li>Slavko Pocajt<\/li>\n<li>Vidko \u0160peh<\/li>\n<li>Marijan Moravec<\/li>\n<\/ol>\n<p><strong>Disciplinska komisija (DK)<\/strong><\/p>\n<ol>\n<li>Jo\u017ee Leme\u017e<\/li>\n<li>Zvone Me\u0161ko<\/li>\n<li>Drago Sotler<\/li>\n<\/ol>\n<p><strong>Prapor\u0161\u010daka:<\/strong><\/p>\n<ol>\n<li>Franc Klauzner<\/li>\n<li>Marjan Lipi\u010dnik<\/li>\n<\/ol>\n<p>&nbsp;<\/p>\n<p>&nbsp;<\/p>\n<p>&nbsp;<\/p>\n","protected":false},"excerpt":{"rendered":"<p>\u010cEBELARSKO DRU\u0160TVO MLIN\u0160EK VELENJE \u0160landrova 10 a 3320 Velenje http:\/\/www.cdmlinsek.si\/\u010cD Mlin\u0161ek Velenje, 17.2.2023 Organi \u010debelarskega dru\u0161tva \u010cD Mlin\u0161ek Velenje \u00a0potrjeni na Ob\u010dnem zboru \u00a017.2.2023 v mandatu 2023 do 2027 Predsednik: Gal Obli\u0161ar 031 650 531 Upravni odbor (UO) &nbsp; &nbsp; Podpredsednik: Mateja \u0160eliga\u00a0 041 729 032 Tajnik:\u00a0 \u00a0 \u00a0 \u00a0 \u00a0 \u00a0 \u00a0 \u00a0 \u00a0 [&hellip;]<\/p>\n","protected":false},"author":1,"featured_media":0,"parent":6,"menu_order":0,"comment_status":"closed","ping_status":"closed","template":"","meta":{"footnotes":""},"_links":{"self":[{"href":"https:\/\/www.cdmlinsek.si\/index.php?rest_route=\/wp\/v2\/pages\/546"}],"collection":[{"href":"https:\/\/www.cdmlinsek.si\/index.php?rest_route=\/wp\/v2\/pages"}],"about":[{"href":"https:\/\/www.cdmlinsek.si\/index.php?rest_route=\/wp\/v2\/types\/page"}],"author":[{"embeddable":true,"href":"https:\/\/www.cdmlinsek.si\/index.php?rest_route=\/wp\/v2\/users\/1"}],"replies":[{"embeddable":true,"href":"https:\/\/www.cdmlinsek.si\/index.php?rest_route=%2Fwp%2Fv2%2Fcomments&post=546"}],"version-history":[{"count":18,"href":"https:\/\/www.cdmlinsek.si\/index.php?rest_route=\/wp\/v2\/pages\/546\/revisions"}],"predecessor-version":[{"id":1865,"href":"https:\/\/www.cdmlinsek.si\/index.php?rest_route=\/wp\/v2\/pages\/546\/revisions\/1865"}],"up":[{"embeddable":true,"href":"https:\/\/www.cdmlinsek.si\/index.php?rest_route=\/wp\/v2\/pages\/6"}],"wp:attachment":[{"href":"https:\/\/www.cdmlinsek.si\/index.php?rest_route=%2Fwp%2Fv2%2Fmedia&parent=546"}],"curies":[{"name":"wp","href":"https:\/\/api.w.org\/{rel}","templated":true}]}}