{"id":6,"date":"2015-01-23T10:40:57","date_gmt":"2015-01-23T10:40:57","guid":{"rendered":"http:\/\/localhost\/wordpreslo\/?page_id=2"},"modified":"2015-01-29T14:02:29","modified_gmt":"2015-01-29T14:02:29","slug":"vzorcna-stran","status":"publish","type":"page","link":"http:\/\/www.cdmlinsek.si\/?page_id=6","title":{"rendered":"\u010cD Mlin\u0161ek"},"content":{"rendered":"<p><em>V Velenju je \u017eivel in \u010debelaril nadu\u010ditelj Mlin\u0161ek, ki je z besedo in s<br \/>\nsvojim lastnim zgledom za \u010debelarjenje navdu\u0161il veliko mladih.<br \/>\nSvoje bogato znanje je na predavanjih in te\u010dajih rad \u0161iril tudi med<br \/>\ndruge \u010debelarje. Hvale\u017eni \u010debelarji so zato po njem poimenovali<br \/>\nsvoje \u010debelarsko dru\u0161tvo v Velenju.<\/em><\/p>\n<p>&nbsp;<\/p>\n<p style=\"text-align: justify;\">\u010ceprav je poglavitni namen gojenja \u010debel \u017ee od nekdaj pridobivanje medu, vse pomembnej\u0161e postajajo tudi druge koristi, ki jih ta dejavnost ponuja \u010debelarju, na primer sociolo\u0161ki vidik. Marsikateri \u010debelar se v svojem mati\u010dnem dru\u0161tvu po\u010duti tako doma\u010de kot v svoji dru\u017eini. Sre\u010duje se s podobno misle\u010dimi prijatelji in znanci, z njimi se posvetuje in izmenjuje izku\u0161nje ter na\u010drtuje razli\u010dne dejavnosti, kot so strokovna predavanja, izleti, razstave, proslave okroglih dru\u0161tvenih obletnic in \u0161e marsikaj drugega. Vse te vzporedne dejavnosti ga notranje bogatijo in plemenitijo.<\/p>\n<p style=\"text-align: justify;\">\n<p><a href=\"http:\/\/www.cdmlinsek.si\/wp-content\/uploads\/2015\/01\/poti_velenje1.gif\"><img loading=\"lazy\" decoding=\"async\" class=\" size-medium wp-image-127 alignleft\" src=\"http:\/\/www.cdmlinsek.si\/wp-content\/uploads\/2015\/01\/poti_velenje1-300x225.gif\" alt=\"poti_velenje1\" width=\"300\" height=\"225\" \/><\/a> <a href=\"http:\/\/www.cdmlinsek.si\/wp-content\/uploads\/2015\/01\/poti_velenje2.gif\"><img loading=\"lazy\" decoding=\"async\" class=\" size-medium wp-image-128 alignright\" src=\"http:\/\/www.cdmlinsek.si\/wp-content\/uploads\/2015\/01\/poti_velenje2-300x216.gif\" alt=\"poti_velenje2\" width=\"300\" height=\"216\" \/><\/a><\/p>\n","protected":false},"excerpt":{"rendered":"<p>V Velenju je \u017eivel in \u010debelaril nadu\u010ditelj Mlin\u0161ek, ki je z besedo in s svojim lastnim zgledom za \u010debelarjenje navdu\u0161il veliko mladih. Svoje bogato znanje je na predavanjih in te\u010dajih rad \u0161iril tudi med druge \u010debelarje. Hvale\u017eni \u010debelarji so zato po njem poimenovali svoje \u010debelarsko dru\u0161tvo v Velenju. &nbsp; \u010ceprav je poglavitni namen gojenja \u010debel [&hellip;]<\/p>\n","protected":false},"author":1,"featured_media":0,"parent":0,"menu_order":0,"comment_status":"closed","ping_status":"open","template":"","meta":{"footnotes":""},"_links":{"self":[{"href":"http:\/\/www.cdmlinsek.si\/index.php?rest_route=\/wp\/v2\/pages\/6"}],"collection":[{"href":"http:\/\/www.cdmlinsek.si\/index.php?rest_route=\/wp\/v2\/pages"}],"about":[{"href":"http:\/\/www.cdmlinsek.si\/index.php?rest_route=\/wp\/v2\/types\/page"}],"author":[{"embeddable":true,"href":"http:\/\/www.cdmlinsek.si\/index.php?rest_route=\/wp\/v2\/users\/1"}],"replies":[{"embeddable":true,"href":"http:\/\/www.cdmlinsek.si\/index.php?rest_route=%2Fwp%2Fv2%2Fcomments&post=6"}],"version-history":[{"count":3,"href":"http:\/\/www.cdmlinsek.si\/index.php?rest_route=\/wp\/v2\/pages\/6\/revisions"}],"predecessor-version":[{"id":177,"href":"http:\/\/www.cdmlinsek.si\/index.php?rest_route=\/wp\/v2\/pages\/6\/revisions\/177"}],"wp:attachment":[{"href":"http:\/\/www.cdmlinsek.si\/index.php?rest_route=%2Fwp%2Fv2%2Fmedia&parent=6"}],"curies":[{"name":"wp","href":"https:\/\/api.w.org\/{rel}","templated":true}]}}