{"id":507,"date":"2016-12-17T18:00:09","date_gmt":"2016-12-17T17:00:09","guid":{"rendered":"http:\/\/www.cdmlinsek.si\/?page_id=507"},"modified":"2020-06-09T12:35:33","modified_gmt":"2020-06-09T11:35:33","slug":"cebelarski-krozek-na-soli-gustava-siliha","status":"publish","type":"page","link":"http:\/\/www.cdmlinsek.si\/?page_id=507","title":{"rendered":"\u010cebelarski kro\u017eek na osnovni \u0161oli Gustava \u0160iliha Velenje"},"content":{"rendered":"<p><em>U\u010dimo se pri \u010debelah: pridnost bogati, pogum ja\u010da, enotnost nas napravi mo\u010dne.<\/em><em><br \/>\n<\/em>\/slovenski pregovor\/<\/p>\n<p>&nbsp;<\/p>\n<p>Na osnovni \u0161oli Gustava \u0160iliha Velenje smo v leto\u0161njem \u0161olskem letu ponovno obudili \u010debelarski kro\u017eek pod okriljem in s podporo \u010cebelarske zveze Slovenije (\u010cZS) ter \u010cebelarskega dru\u0161tva Mlin\u0161ek Velenje. Kro\u017eek bomo na \u0161oli izvajali dvakrat tedensko, in sicer, ob ponedeljkih in petkih od 13.30 do 14.30, skozi vso \u0161olsko leto.<\/p>\n<p>Kro\u017eek trenutno obiskuje enajst vedo\u017eeljnih mladih \u010debelarjev, s katerimi bomo v jesensko-zimskem \u010dasu podrobneje spoznavali biologijo \u010debel, \u010debeljo dru\u017eino, varovanje \u010debel, \u010debelje izdelke in \u0161e marsikaj. V pomladanskem \u010dasu pa bomo svoje znanje prakti\u010dno podkrepili \u0161e z delom v na\u0161em \u010debelnjaku. Raziskovali bomo dogajanje v panju, spoznavali njegovo notranjo urejenost in organiziranost. Tako reko\u010d, u\u010dili so bomo od \u010debel.<\/p>\n<p>Seveda pa se bomo ves \u010das tudi pridno pripravljali na dr\u017eavno \u010debelarsko tekmovanje, ki ga bomo 6. maja 2017 organizirali na na\u0161i \u0161oli.<\/p>\n<p>Do takrat pa velik \u010debelarski pozdrav \u00bbNAJ MEDI!\u00ab.<\/p>\n<p>Mladi \u010debelarji z mentorico Moniko Dobravc<\/p>\n","protected":false},"excerpt":{"rendered":"<p>U\u010dimo se pri \u010debelah: pridnost bogati, pogum ja\u010da, enotnost nas napravi mo\u010dne. \/slovenski pregovor\/ &nbsp; Na osnovni \u0161oli Gustava \u0160iliha Velenje smo v leto\u0161njem \u0161olskem letu ponovno obudili \u010debelarski kro\u017eek pod okriljem in s podporo \u010cebelarske zveze Slovenije (\u010cZS) ter \u010cebelarskega dru\u0161tva Mlin\u0161ek Velenje. Kro\u017eek bomo na \u0161oli izvajali dvakrat tedensko, in sicer, ob ponedeljkih [&hellip;]<\/p>\n","protected":false},"author":1,"featured_media":0,"parent":6,"menu_order":0,"comment_status":"closed","ping_status":"open","template":"","meta":{"footnotes":""},"_links":{"self":[{"href":"http:\/\/www.cdmlinsek.si\/index.php?rest_route=\/wp\/v2\/pages\/507"}],"collection":[{"href":"http:\/\/www.cdmlinsek.si\/index.php?rest_route=\/wp\/v2\/pages"}],"about":[{"href":"http:\/\/www.cdmlinsek.si\/index.php?rest_route=\/wp\/v2\/types\/page"}],"author":[{"embeddable":true,"href":"http:\/\/www.cdmlinsek.si\/index.php?rest_route=\/wp\/v2\/users\/1"}],"replies":[{"embeddable":true,"href":"http:\/\/www.cdmlinsek.si\/index.php?rest_route=%2Fwp%2Fv2%2Fcomments&post=507"}],"version-history":[{"count":2,"href":"http:\/\/www.cdmlinsek.si\/index.php?rest_route=\/wp\/v2\/pages\/507\/revisions"}],"predecessor-version":[{"id":1635,"href":"http:\/\/www.cdmlinsek.si\/index.php?rest_route=\/wp\/v2\/pages\/507\/revisions\/1635"}],"up":[{"embeddable":true,"href":"http:\/\/www.cdmlinsek.si\/index.php?rest_route=\/wp\/v2\/pages\/6"}],"wp:attachment":[{"href":"http:\/\/www.cdmlinsek.si\/index.php?rest_route=%2Fwp%2Fv2%2Fmedia&parent=507"}],"curies":[{"name":"wp","href":"https:\/\/api.w.org\/{rel}","templated":true}]}}