{"id":17,"date":"2015-01-26T09:24:53","date_gmt":"2015-01-26T09:24:53","guid":{"rendered":"http:\/\/localhost\/wordpreslo\/?page_id=17"},"modified":"2020-06-09T12:59:09","modified_gmt":"2020-06-09T11:59:09","slug":"koristne-povezave","status":"publish","type":"page","link":"http:\/\/www.cdmlinsek.si\/?page_id=17","title":{"rendered":"Koristne povezave"},"content":{"rendered":"<p><a href=\"http:\/\/cz-sasa-si\"><strong>\u010cZ SA\u0160A<\/strong><\/a><\/p>\n<p><strong><a href=\"http:\/\/www.czs.si\/\" target=\"_blank\" rel=\"noopener noreferrer\">\u010cebelarska zveza Slovenije<\/a><\/strong><\/p>\n<p><strong><a href=\"http:\/\/czdp.si\">\u010cZ Pomurje<\/a><\/strong><\/p>\n<p><strong><a href=\"http:\/\/czg.si\">\u010cZ Gorenjske<\/a><\/strong><\/p>\n<p><a href=\"http:\/\/www.czs.si\/Napoved\/napoved_medenja.php\" target=\"_blank\" rel=\"noopener noreferrer\"><strong>Napoved medenja<\/strong><\/a><\/p>\n<p><a href=\"http:\/\/www.loski.cebelarji.si\/\"><strong>\u010cD\u00a0\u0160kofja Loka<\/strong><\/a><\/p>\n<p><a href=\"http:\/\/www.slovenskimed.si\/Si\/\" target=\"_blank\" rel=\"noopener noreferrer\"><strong>Borza medu &#8211; slovenski med<\/strong><\/a><\/p>\n<p><a href=\"http:\/\/www.kranjska-cebela.si\/Si\/\" target=\"_blank\" rel=\"noopener noreferrer\"><strong>Borza matic &#8211; Slovenija domovina kranjske \u010debele<\/strong><\/a><\/p>\n<p><a href=\"http:\/\/www.muzeji-radovljica.si\/4m_cebelarski\/4cebelarski_uvod.html\" target=\"_blank\" rel=\"noopener noreferrer\"><strong>\u010cebelarski muzej Radovljica<\/strong><\/a><\/p>\n<p><a href=\"http:\/\/www.ra-sora.si\/\" target=\"_blank\" rel=\"noopener noreferrer\"><strong>Razvojna agencija Sora<\/strong><\/a><\/p>\n<p><a href=\"http:\/\/www.las-pogorje.si\/Slo\/main.asp\" target=\"_blank\" rel=\"noopener noreferrer\"><strong>Lokalna akcijska skupina lo\u0161kega pogorja<\/strong><\/a><\/p>\n<p><a href=\"http:\/\/babicadedek.ra-sora.si\/\" target=\"_blank\" rel=\"noopener noreferrer\"><strong>Babica Jerca\u00a0&amp; Dedek Jaka<\/strong><\/a><\/p>\n<p><a href=\"http:\/\/www.lto-blegos.si\/slo\/main.asp\" target=\"_blank\" rel=\"noopener noreferrer\"><strong>Lokalna turisti\u010dna organizacija Blego\u0161<\/strong><\/a><\/p>\n<p><a href=\"http:\/\/www.loski-muzej.si\/o_muzeju\/\" target=\"_blank\" rel=\"noopener noreferrer\"><strong>Lo\u0161ki muzej \u0160kofja Loka<\/strong><\/a><\/p>\n<p><a href=\"http:\/\/www.slovenski-cebelarji.com\/forum\/index.php\" target=\"_blank\" rel=\"noopener noreferrer\"><strong>Forum &#8211; Slovenski \u010debelarji<\/strong><\/a><\/p>\n<p><a href=\"http:\/\/www.webslovenia.si\/cebela\/index.php\" target=\"_blank\" rel=\"noopener noreferrer\"><strong>Slovenski \u010debelarji &#8211; fotogalerija<\/strong><\/a><\/p>\n<p><strong><a href=\"http:\/\/bokal.si\/\">\u010cebelarstvo BOKAL<\/a><\/strong><\/p>\n<p><strong><span style=\"color: #333399;\">Vreme 15 dni<\/span><\/strong> &#8211; <a href=\"https:\/\/www.vreme.us\/vreme-15-dni.html\">https:\/\/www.vreme.us\/vreme-15-dni.html<\/a><\/p>\n","protected":false},"excerpt":{"rendered":"<p>\u010cZ SA\u0160A \u010cebelarska zveza Slovenije \u010cZ Pomurje \u010cZ Gorenjske Napoved medenja \u010cD\u00a0\u0160kofja Loka Borza medu &#8211; slovenski med Borza matic &#8211; Slovenija domovina kranjske \u010debele \u010cebelarski muzej Radovljica Razvojna agencija Sora Lokalna akcijska skupina lo\u0161kega pogorja Babica Jerca\u00a0&amp; Dedek Jaka Lokalna turisti\u010dna organizacija Blego\u0161 Lo\u0161ki muzej \u0160kofja Loka Forum &#8211; Slovenski \u010debelarji Slovenski \u010debelarji &#8211; [&hellip;]<\/p>\n","protected":false},"author":1,"featured_media":0,"parent":0,"menu_order":0,"comment_status":"closed","ping_status":"open","template":"","meta":{"footnotes":""},"_links":{"self":[{"href":"http:\/\/www.cdmlinsek.si\/index.php?rest_route=\/wp\/v2\/pages\/17"}],"collection":[{"href":"http:\/\/www.cdmlinsek.si\/index.php?rest_route=\/wp\/v2\/pages"}],"about":[{"href":"http:\/\/www.cdmlinsek.si\/index.php?rest_route=\/wp\/v2\/types\/page"}],"author":[{"embeddable":true,"href":"http:\/\/www.cdmlinsek.si\/index.php?rest_route=\/wp\/v2\/users\/1"}],"replies":[{"embeddable":true,"href":"http:\/\/www.cdmlinsek.si\/index.php?rest_route=%2Fwp%2Fv2%2Fcomments&post=17"}],"version-history":[{"count":7,"href":"http:\/\/www.cdmlinsek.si\/index.php?rest_route=\/wp\/v2\/pages\/17\/revisions"}],"predecessor-version":[{"id":1638,"href":"http:\/\/www.cdmlinsek.si\/index.php?rest_route=\/wp\/v2\/pages\/17\/revisions\/1638"}],"wp:attachment":[{"href":"http:\/\/www.cdmlinsek.si\/index.php?rest_route=%2Fwp%2Fv2%2Fmedia&parent=17"}],"curies":[{"name":"wp","href":"https:\/\/api.w.org\/{rel}","templated":true}]}}